{"id":51,"date":"2024-09-16T17:32:41","date_gmt":"2024-09-16T15:32:41","guid":{"rendered":"https:\/\/arocars.pl\/?page_id=51"},"modified":"2024-09-16T17:32:42","modified_gmt":"2024-09-16T15:32:42","slug":"o-nas","status":"publish","type":"page","link":"https:\/\/arocars.pl\/index.php\/o-nas\/","title":{"rendered":"O Nas"},"content":{"rendered":"\n<p>O Nas<\/p>\n\n\n\n<p>Arocars to firma z wieloletnim do\u015bwiadczeniem w bran\u017cy lawetowej. Nasz\u0105 misj\u0105 jest zapewnienie szybkiej, profesjonalnej i bezpiecznej pomocy na drodze. Nasz zesp\u00f3\u0142 sk\u0142ada si\u0119 z wykwalifikowanych specjalist\u00f3w, kt\u00f3rzy s\u0105 zawsze gotowi do dzia\u0142ania, niezale\u017cnie od warunk\u00f3w.<\/p>\n\n\n\n<p>Nasza wizja i misja<\/p>\n\n\n\n<p>W Arocars wierzymy w zapewnienie najwy\u017cszej jako\u015bci us\u0142ug lawetowych. Naszym celem jest zapewnienie pe\u0142nego zadowolenia klient\u00f3w poprzez szybki czas reakcji, profesjonaln\u0105 obs\u0142ug\u0119 oraz dba\u0142o\u015b\u0107 o bezpiecze\u0144stwo transportowanych pojazd\u00f3w.<\/p>\n\n\n\n<p>Nasze warto\u015bci<\/p>\n\n\n\n<ul class=\"wp-block-list\">\n<li>Profesjonalizm: Ka\u017cdy cz\u0142onek naszego zespo\u0142u jest wysoko wykwalifikowany i posiada do\u015bwiadczenie w bran\u017cy.<\/li>\n\n\n\n<li>Bezpiecze\u0144stwo: Zapewniamy najwy\u017csze standardy bezpiecze\u0144stwa podczas transportu.<\/li>\n\n\n\n<li>Terminowo\u015b\u0107: Jeste\u015bmy zawsze na czas, aby pom\u00f3c Ci w nag\u0142ych sytuacjach.<\/li>\n<\/ul>\n\n\n\n<p><\/p>\n","protected":false},"excerpt":{"rendered":"<p>O Nas Arocars to firma z wieloletnim do\u015bwiadczeniem w bran\u017cy lawetowej. Nasz\u0105 misj\u0105 jest zapewnienie szybkiej, profesjonalnej i bezpiecznej pomocy na drodze. Nasz zesp\u00f3\u0142 sk\u0142ada si\u0119 z wykwalifikowanych specjalist\u00f3w, kt\u00f3rzy s\u0105 zawsze gotowi do dzia\u0142ania, niezale\u017cnie od warunk\u00f3w. Nasza wizja i misja W Arocars wierzymy w zapewnienie najwy\u017cszej jako\u015bci us\u0142ug lawetowych. Naszym celem jest zapewnienie [&hellip;]<\/p>\n","protected":false},"author":1,"featured_media":0,"parent":0,"menu_order":0,"comment_status":"closed","ping_status":"closed","template":"","meta":{"footnotes":""},"class_list":["post-51","page","type-page","status-publish","hentry"],"yoast_head":"<!-- This site is optimized with the Yoast SEO plugin v23.6 - https:\/\/yoast.com\/wordpress\/plugins\/seo\/ -->\r\n<title>O Nas - Arocars<\/title>\r\n<meta name=\"robots\" content=\"index, follow, max-snippet:-1, max-image-preview:large, max-video-preview:-1\" \/>\r\n<link rel=\"canonical\" href=\"https:\/\/arocars.pl\/index.php\/o-nas\/\" \/>\r\n<meta property=\"og:locale\" content=\"pl_PL\" \/>\r\n<meta property=\"og:type\" content=\"article\" \/>\r\n<meta property=\"og:title\" content=\"O Nas - Arocars\" \/>\r\n<meta property=\"og:description\" content=\"O Nas Arocars to firma z wieloletnim do\u015bwiadczeniem w bran\u017cy lawetowej. Nasz\u0105 misj\u0105 jest zapewnienie szybkiej, profesjonalnej i bezpiecznej pomocy na drodze. Nasz zesp\u00f3\u0142 sk\u0142ada si\u0119 z wykwalifikowanych specjalist\u00f3w, kt\u00f3rzy s\u0105 zawsze gotowi do dzia\u0142ania, niezale\u017cnie od warunk\u00f3w. Nasza wizja i misja W Arocars wierzymy w zapewnienie najwy\u017cszej jako\u015bci us\u0142ug lawetowych. Naszym celem jest zapewnienie [&hellip;]\" \/>\r\n<meta property=\"og:url\" content=\"https:\/\/arocars.pl\/index.php\/o-nas\/\" \/>\r\n<meta property=\"og:site_name\" content=\"Arocars\" \/>\r\n<meta property=\"article:publisher\" content=\"https:\/\/www.facebook.com\/profile.php?id=100057623672345\" \/>\r\n<meta property=\"article:modified_time\" content=\"2024-09-16T15:32:42+00:00\" \/>\r\n<meta name=\"twitter:card\" content=\"summary_large_image\" \/>\r\n<meta name=\"twitter:label1\" content=\"Szacowany czas czytania\" \/>\n\t<meta name=\"twitter:data1\" content=\"1 minuta\" \/>\r\n<script type=\"application\/ld+json\" class=\"yoast-schema-graph\">{\"@context\":\"https:\/\/schema.org\",\"@graph\":[{\"@type\":\"WebPage\",\"@id\":\"https:\/\/arocars.pl\/index.php\/o-nas\/\",\"url\":\"https:\/\/arocars.pl\/index.php\/o-nas\/\",\"name\":\"O Nas - Arocars\",\"isPartOf\":{\"@id\":\"https:\/\/arocars.pl\/#website\"},\"datePublished\":\"2024-09-16T15:32:41+00:00\",\"dateModified\":\"2024-09-16T15:32:42+00:00\",\"breadcrumb\":{\"@id\":\"https:\/\/arocars.pl\/index.php\/o-nas\/#breadcrumb\"},\"inLanguage\":\"pl-PL\",\"potentialAction\":[{\"@type\":\"ReadAction\",\"target\":[\"https:\/\/arocars.pl\/index.php\/o-nas\/\"]}]},{\"@type\":\"BreadcrumbList\",\"@id\":\"https:\/\/arocars.pl\/index.php\/o-nas\/#breadcrumb\",\"itemListElement\":[{\"@type\":\"ListItem\",\"position\":1,\"name\":\"Strona g\u0142\u00f3wna\",\"item\":\"https:\/\/arocars.pl\/\"},{\"@type\":\"ListItem\",\"position\":2,\"name\":\"O Nas\"}]},{\"@type\":\"WebSite\",\"@id\":\"https:\/\/arocars.pl\/#website\",\"url\":\"https:\/\/arocars.pl\/\",\"name\":\"Arocars\",\"description\":\"Pomoc Drogowa Siemianowice \u015al\u0105skie\",\"publisher\":{\"@id\":\"https:\/\/arocars.pl\/#organization\"},\"potentialAction\":[{\"@type\":\"SearchAction\",\"target\":{\"@type\":\"EntryPoint\",\"urlTemplate\":\"https:\/\/arocars.pl\/?s={search_term_string}\"},\"query-input\":{\"@type\":\"PropertyValueSpecification\",\"valueRequired\":true,\"valueName\":\"search_term_string\"}}],\"inLanguage\":\"pl-PL\"},{\"@type\":\"Organization\",\"@id\":\"https:\/\/arocars.pl\/#organization\",\"name\":\"Arocars\",\"url\":\"https:\/\/arocars.pl\/\",\"logo\":{\"@type\":\"ImageObject\",\"inLanguage\":\"pl-PL\",\"@id\":\"https:\/\/arocars.pl\/#\/schema\/logo\/image\/\",\"url\":\"https:\/\/arocars.pl\/wp-content\/uploads\/2024\/09\/bez-tla.png\",\"contentUrl\":\"https:\/\/arocars.pl\/wp-content\/uploads\/2024\/09\/bez-tla.png\",\"width\":227,\"height\":206,\"caption\":\"Arocars\"},\"image\":{\"@id\":\"https:\/\/arocars.pl\/#\/schema\/logo\/image\/\"},\"sameAs\":[\"https:\/\/www.facebook.com\/profile.php?id=100057623672345\"]}]}<\/script>\r\n<!-- \/ Yoast SEO plugin. -->","yoast_head_json":{"title":"O Nas - Arocars","robots":{"index":"index","follow":"follow","max-snippet":"max-snippet:-1","max-image-preview":"max-image-preview:large","max-video-preview":"max-video-preview:-1"},"canonical":"https:\/\/arocars.pl\/index.php\/o-nas\/","og_locale":"pl_PL","og_type":"article","og_title":"O Nas - Arocars","og_description":"O Nas Arocars to firma z wieloletnim do\u015bwiadczeniem w bran\u017cy lawetowej. Nasz\u0105 misj\u0105 jest zapewnienie szybkiej, profesjonalnej i bezpiecznej pomocy na drodze. Nasz zesp\u00f3\u0142 sk\u0142ada si\u0119 z wykwalifikowanych specjalist\u00f3w, kt\u00f3rzy s\u0105 zawsze gotowi do dzia\u0142ania, niezale\u017cnie od warunk\u00f3w. Nasza wizja i misja W Arocars wierzymy w zapewnienie najwy\u017cszej jako\u015bci us\u0142ug lawetowych. Naszym celem jest zapewnienie [&hellip;]","og_url":"https:\/\/arocars.pl\/index.php\/o-nas\/","og_site_name":"Arocars","article_publisher":"https:\/\/www.facebook.com\/profile.php?id=100057623672345","article_modified_time":"2024-09-16T15:32:42+00:00","twitter_card":"summary_large_image","twitter_misc":{"Szacowany czas czytania":"1 minuta"},"schema":{"@context":"https:\/\/schema.org","@graph":[{"@type":"WebPage","@id":"https:\/\/arocars.pl\/index.php\/o-nas\/","url":"https:\/\/arocars.pl\/index.php\/o-nas\/","name":"O Nas - Arocars","isPartOf":{"@id":"https:\/\/arocars.pl\/#website"},"datePublished":"2024-09-16T15:32:41+00:00","dateModified":"2024-09-16T15:32:42+00:00","breadcrumb":{"@id":"https:\/\/arocars.pl\/index.php\/o-nas\/#breadcrumb"},"inLanguage":"pl-PL","potentialAction":[{"@type":"ReadAction","target":["https:\/\/arocars.pl\/index.php\/o-nas\/"]}]},{"@type":"BreadcrumbList","@id":"https:\/\/arocars.pl\/index.php\/o-nas\/#breadcrumb","itemListElement":[{"@type":"ListItem","position":1,"name":"Strona g\u0142\u00f3wna","item":"https:\/\/arocars.pl\/"},{"@type":"ListItem","position":2,"name":"O Nas"}]},{"@type":"WebSite","@id":"https:\/\/arocars.pl\/#website","url":"https:\/\/arocars.pl\/","name":"Arocars","description":"Pomoc Drogowa Siemianowice \u015al\u0105skie","publisher":{"@id":"https:\/\/arocars.pl\/#organization"},"potentialAction":[{"@type":"SearchAction","target":{"@type":"EntryPoint","urlTemplate":"https:\/\/arocars.pl\/?s={search_term_string}"},"query-input":{"@type":"PropertyValueSpecification","valueRequired":true,"valueName":"search_term_string"}}],"inLanguage":"pl-PL"},{"@type":"Organization","@id":"https:\/\/arocars.pl\/#organization","name":"Arocars","url":"https:\/\/arocars.pl\/","logo":{"@type":"ImageObject","inLanguage":"pl-PL","@id":"https:\/\/arocars.pl\/#\/schema\/logo\/image\/","url":"https:\/\/arocars.pl\/wp-content\/uploads\/2024\/09\/bez-tla.png","contentUrl":"https:\/\/arocars.pl\/wp-content\/uploads\/2024\/09\/bez-tla.png","width":227,"height":206,"caption":"Arocars"},"image":{"@id":"https:\/\/arocars.pl\/#\/schema\/logo\/image\/"},"sameAs":["https:\/\/www.facebook.com\/profile.php?id=100057623672345"]}]}},"_links":{"self":[{"href":"https:\/\/arocars.pl\/index.php\/wp-json\/wp\/v2\/pages\/51","targetHints":{"allow":["GET"]}}],"collection":[{"href":"https:\/\/arocars.pl\/index.php\/wp-json\/wp\/v2\/pages"}],"about":[{"href":"https:\/\/arocars.pl\/index.php\/wp-json\/wp\/v2\/types\/page"}],"author":[{"embeddable":true,"href":"https:\/\/arocars.pl\/index.php\/wp-json\/wp\/v2\/users\/1"}],"replies":[{"embeddable":true,"href":"https:\/\/arocars.pl\/index.php\/wp-json\/wp\/v2\/comments?post=51"}],"version-history":[{"count":1,"href":"https:\/\/arocars.pl\/index.php\/wp-json\/wp\/v2\/pages\/51\/revisions"}],"predecessor-version":[{"id":52,"href":"https:\/\/arocars.pl\/index.php\/wp-json\/wp\/v2\/pages\/51\/revisions\/52"}],"wp:attachment":[{"href":"https:\/\/arocars.pl\/index.php\/wp-json\/wp\/v2\/media?parent=51"}],"curies":[{"name":"wp","href":"https:\/\/api.w.org\/{rel}","templated":true}]}}