{"id":2,"date":"2024-08-05T13:46:10","date_gmt":"2024-08-05T11:46:10","guid":{"rendered":"http:\/\/arocars.pl\/?page_id=2"},"modified":"2026-01-20T20:36:07","modified_gmt":"2026-01-20T19:36:07","slug":"przykladowa-strona","status":"publish","type":"page","link":"https:\/\/arocars.pl\/","title":{"rendered":"Profesjonalna pomoc drogowa i laweta w Siemianowicach \u015al\u0105skich \u2013 Arocars"},"content":{"rendered":"\n<p>Je\u015bli potrzebujesz szybkiej pomocy drogowej w Siemianowicach \u015al\u0105skich, Arocars to Tw\u00f3j zaufany partner. Oferujemy <strong>natychmiastow\u0105 pomoc drogow\u0105<\/strong> oraz <strong>holowanie pojazd\u00f3w<\/strong> w ca\u0142ym wojew\u00f3dztwie \u015bl\u0105skim, w tym w miastach takich jak Katowice, Chorz\u00f3w, Bytom, Sosnowiec, Zabrze i Tychy. Dzia\u0142amy 24\/7, gwarantuj\u0105c szybki i bezpieczny transport Twojego pojazdu.<\/p>\n\n\n\n<p><strong>Nasze us\u0142ugi w Siemianowicach \u015al\u0105skich i na \u015al\u0105sku<\/strong>:<\/p>\n\n\n\n<ul class=\"wp-block-list\">\n<li><strong>Pomoc drogowa Siemianowice \u015al\u0105skie<\/strong>: Je\u015bli Tw\u00f3j pojazd uleg\u0142 awarii lub mia\u0142e\u015b kolizj\u0119, nasza ekipa jest dost\u0119pna przez ca\u0142\u0105 dob\u0119, aby Ci pom\u00f3c.<\/li>\n\n\n\n<li><strong>Laweta Siemianowice \u015al\u0105skie<\/strong>: Oferujemy holowanie pojazd\u00f3w wszelkiego rodzaju, zapewniaj\u0105c ich bezpieczny transport.<\/li>\n\n\n\n<li><strong>Transport motocykli i pojazd\u00f3w zabytkowych<\/strong>: Specjalizujemy si\u0119 w transporcie pojazd\u00f3w na terenie ca\u0142ego \u015al\u0105ska.<\/li>\n<\/ul>\n\n\n\n<p>Dlaczego warto nas wybra\u0107?<\/p>\n\n\n\n<ul class=\"wp-block-list\">\n<li><strong>Szybko\u015b\u0107 i profesjonalizm<\/strong>: Nasze lawety s\u0105 dost\u0119pne 24\/7, a nasz zesp\u00f3\u0142 reaguje b\u0142yskawicznie na zg\u0142oszenia.<\/li>\n\n\n\n<li><strong>Obs\u0142uga lokalna<\/strong>: Dzia\u0142amy nie tylko w <strong>Siemianowicach \u015al\u0105skich<\/strong>, ale r\u00f3wnie\u017c w miastach takich jak <strong>Katowice<\/strong>, <strong>Sosnowiec<\/strong>, <strong>Bytom<\/strong>, <strong>Tychy<\/strong>, <strong>\u015awi\u0119toch\u0142owice<\/strong>, <strong>Ruda \u015al\u0105ska<\/strong>, <strong>Czelad\u017a<\/strong>, <strong>Chorz\u00f3w<\/strong>,<strong>Piekary \u015al\u0105skie, Radzionk\u00f3w,<\/strong> <strong>B\u0119dzin, Rogo\u017anik <\/strong>oraz inne miasta aglomeracji \u015al\u0105skiej.<\/li>\n\n\n\n<li><strong>OBS\u0141UGUJEMY<\/strong> r\u00f3wnie\u017c trasy takie jak autostrada <strong>A1<\/strong> , <strong>A4 , DT\u015a, DK94, DK86 ,DK81, 902, DK11 , DK88 <\/strong>oraz wiele innych.<\/li>\n<\/ul>\n\n\n\n<p><strong>Skontaktuj si\u0119 z nami ju\u017c teraz<\/strong> \u2013 Arocars to gwarancja profesjonalizmu i bezpiecze\u0144stwa na \u015al\u0105sku!<\/p>\n\n\n\n<hr class=\"wp-block-separator has-alpha-channel-opacity\"\/>\n\n\n\n<p><\/p>\n","protected":false},"excerpt":{"rendered":"<p>Je\u015bli potrzebujesz szybkiej pomocy drogowej w Siemianowicach \u015al\u0105skich, Arocars to Tw\u00f3j zaufany partner. Oferujemy natychmiastow\u0105 pomoc drogow\u0105 oraz holowanie pojazd\u00f3w w ca\u0142ym wojew\u00f3dztwie \u015bl\u0105skim, w tym w miastach takich jak Katowice, Chorz\u00f3w, Bytom, Sosnowiec, Zabrze i Tychy. Dzia\u0142amy 24\/7, gwarantuj\u0105c szybki i bezpieczny transport Twojego pojazdu. Nasze us\u0142ugi w Siemianowicach \u015al\u0105skich i na \u015al\u0105sku: Dlaczego [&hellip;]<\/p>\n","protected":false},"author":1,"featured_media":0,"parent":0,"menu_order":0,"comment_status":"closed","ping_status":"open","template":"","meta":{"footnotes":""},"class_list":["post-2","page","type-page","status-publish","hentry"],"yoast_head":"<!-- This site is optimized with the Yoast SEO plugin v23.6 - https:\/\/yoast.com\/wordpress\/plugins\/seo\/ -->\r\n<title>Profesjonalna pomoc drogowa i laweta w Siemianowicach \u015al\u0105skich \u2013 Arocars - Arocars<\/title>\r\n<meta name=\"robots\" content=\"index, follow, max-snippet:-1, max-image-preview:large, max-video-preview:-1\" \/>\r\n<link rel=\"canonical\" href=\"https:\/\/arocars.pl\/\" \/>\r\n<meta property=\"og:locale\" content=\"pl_PL\" \/>\r\n<meta property=\"og:type\" content=\"article\" \/>\r\n<meta property=\"og:title\" content=\"Profesjonalna pomoc drogowa i laweta w Siemianowicach \u015al\u0105skich \u2013 Arocars - Arocars\" \/>\r\n<meta property=\"og:description\" content=\"Je\u015bli potrzebujesz szybkiej pomocy drogowej w Siemianowicach \u015al\u0105skich, Arocars to Tw\u00f3j zaufany partner. Oferujemy natychmiastow\u0105 pomoc drogow\u0105 oraz holowanie pojazd\u00f3w w ca\u0142ym wojew\u00f3dztwie \u015bl\u0105skim, w tym w miastach takich jak Katowice, Chorz\u00f3w, Bytom, Sosnowiec, Zabrze i Tychy. Dzia\u0142amy 24\/7, gwarantuj\u0105c szybki i bezpieczny transport Twojego pojazdu. Nasze us\u0142ugi w Siemianowicach \u015al\u0105skich i na \u015al\u0105sku: Dlaczego [&hellip;]\" \/>\r\n<meta property=\"og:url\" content=\"https:\/\/arocars.pl\/\" \/>\r\n<meta property=\"og:site_name\" content=\"Arocars\" \/>\r\n<meta property=\"article:publisher\" content=\"https:\/\/www.facebook.com\/profile.php?id=100057623672345\" \/>\r\n<meta property=\"article:modified_time\" content=\"2026-01-20T19:36:07+00:00\" \/>\r\n<meta name=\"twitter:card\" content=\"summary_large_image\" \/>\r\n<meta name=\"twitter:label1\" content=\"Szacowany czas czytania\" \/>\n\t<meta name=\"twitter:data1\" content=\"2 minuty\" \/>\r\n<script type=\"application\/ld+json\" class=\"yoast-schema-graph\">{\"@context\":\"https:\/\/schema.org\",\"@graph\":[{\"@type\":\"WebPage\",\"@id\":\"https:\/\/arocars.pl\/\",\"url\":\"https:\/\/arocars.pl\/\",\"name\":\"Profesjonalna pomoc drogowa i laweta w Siemianowicach \u015al\u0105skich \u2013 Arocars - Arocars\",\"isPartOf\":{\"@id\":\"https:\/\/arocars.pl\/#website\"},\"datePublished\":\"2024-08-05T11:46:10+00:00\",\"dateModified\":\"2026-01-20T19:36:07+00:00\",\"breadcrumb\":{\"@id\":\"https:\/\/arocars.pl\/#breadcrumb\"},\"inLanguage\":\"pl-PL\",\"potentialAction\":[{\"@type\":\"ReadAction\",\"target\":[\"https:\/\/arocars.pl\/\"]}]},{\"@type\":\"BreadcrumbList\",\"@id\":\"https:\/\/arocars.pl\/#breadcrumb\",\"itemListElement\":[{\"@type\":\"ListItem\",\"position\":1,\"name\":\"Strona g\u0142\u00f3wna\",\"item\":\"https:\/\/arocars.pl\/\"},{\"@type\":\"ListItem\",\"position\":2,\"name\":\"Profesjonalna pomoc drogowa i laweta w Siemianowicach \u015al\u0105skich \u2013 Arocars\"}]},{\"@type\":\"WebSite\",\"@id\":\"https:\/\/arocars.pl\/#website\",\"url\":\"https:\/\/arocars.pl\/\",\"name\":\"Arocars\",\"description\":\"Pomoc Drogowa Siemianowice \u015al\u0105skie\",\"publisher\":{\"@id\":\"https:\/\/arocars.pl\/#organization\"},\"potentialAction\":[{\"@type\":\"SearchAction\",\"target\":{\"@type\":\"EntryPoint\",\"urlTemplate\":\"https:\/\/arocars.pl\/?s={search_term_string}\"},\"query-input\":{\"@type\":\"PropertyValueSpecification\",\"valueRequired\":true,\"valueName\":\"search_term_string\"}}],\"inLanguage\":\"pl-PL\"},{\"@type\":\"Organization\",\"@id\":\"https:\/\/arocars.pl\/#organization\",\"name\":\"Arocars\",\"url\":\"https:\/\/arocars.pl\/\",\"logo\":{\"@type\":\"ImageObject\",\"inLanguage\":\"pl-PL\",\"@id\":\"https:\/\/arocars.pl\/#\/schema\/logo\/image\/\",\"url\":\"https:\/\/arocars.pl\/wp-content\/uploads\/2024\/09\/bez-tla.png\",\"contentUrl\":\"https:\/\/arocars.pl\/wp-content\/uploads\/2024\/09\/bez-tla.png\",\"width\":227,\"height\":206,\"caption\":\"Arocars\"},\"image\":{\"@id\":\"https:\/\/arocars.pl\/#\/schema\/logo\/image\/\"},\"sameAs\":[\"https:\/\/www.facebook.com\/profile.php?id=100057623672345\"]}]}<\/script>\r\n<!-- \/ Yoast SEO plugin. -->","yoast_head_json":{"title":"Profesjonalna pomoc drogowa i laweta w Siemianowicach \u015al\u0105skich \u2013 Arocars - Arocars","robots":{"index":"index","follow":"follow","max-snippet":"max-snippet:-1","max-image-preview":"max-image-preview:large","max-video-preview":"max-video-preview:-1"},"canonical":"https:\/\/arocars.pl\/","og_locale":"pl_PL","og_type":"article","og_title":"Profesjonalna pomoc drogowa i laweta w Siemianowicach \u015al\u0105skich \u2013 Arocars - Arocars","og_description":"Je\u015bli potrzebujesz szybkiej pomocy drogowej w Siemianowicach \u015al\u0105skich, Arocars to Tw\u00f3j zaufany partner. Oferujemy natychmiastow\u0105 pomoc drogow\u0105 oraz holowanie pojazd\u00f3w w ca\u0142ym wojew\u00f3dztwie \u015bl\u0105skim, w tym w miastach takich jak Katowice, Chorz\u00f3w, Bytom, Sosnowiec, Zabrze i Tychy. Dzia\u0142amy 24\/7, gwarantuj\u0105c szybki i bezpieczny transport Twojego pojazdu. Nasze us\u0142ugi w Siemianowicach \u015al\u0105skich i na \u015al\u0105sku: Dlaczego [&hellip;]","og_url":"https:\/\/arocars.pl\/","og_site_name":"Arocars","article_publisher":"https:\/\/www.facebook.com\/profile.php?id=100057623672345","article_modified_time":"2026-01-20T19:36:07+00:00","twitter_card":"summary_large_image","twitter_misc":{"Szacowany czas czytania":"2 minuty"},"schema":{"@context":"https:\/\/schema.org","@graph":[{"@type":"WebPage","@id":"https:\/\/arocars.pl\/","url":"https:\/\/arocars.pl\/","name":"Profesjonalna pomoc drogowa i laweta w Siemianowicach \u015al\u0105skich \u2013 Arocars - Arocars","isPartOf":{"@id":"https:\/\/arocars.pl\/#website"},"datePublished":"2024-08-05T11:46:10+00:00","dateModified":"2026-01-20T19:36:07+00:00","breadcrumb":{"@id":"https:\/\/arocars.pl\/#breadcrumb"},"inLanguage":"pl-PL","potentialAction":[{"@type":"ReadAction","target":["https:\/\/arocars.pl\/"]}]},{"@type":"BreadcrumbList","@id":"https:\/\/arocars.pl\/#breadcrumb","itemListElement":[{"@type":"ListItem","position":1,"name":"Strona g\u0142\u00f3wna","item":"https:\/\/arocars.pl\/"},{"@type":"ListItem","position":2,"name":"Profesjonalna pomoc drogowa i laweta w Siemianowicach \u015al\u0105skich \u2013 Arocars"}]},{"@type":"WebSite","@id":"https:\/\/arocars.pl\/#website","url":"https:\/\/arocars.pl\/","name":"Arocars","description":"Pomoc Drogowa Siemianowice \u015al\u0105skie","publisher":{"@id":"https:\/\/arocars.pl\/#organization"},"potentialAction":[{"@type":"SearchAction","target":{"@type":"EntryPoint","urlTemplate":"https:\/\/arocars.pl\/?s={search_term_string}"},"query-input":{"@type":"PropertyValueSpecification","valueRequired":true,"valueName":"search_term_string"}}],"inLanguage":"pl-PL"},{"@type":"Organization","@id":"https:\/\/arocars.pl\/#organization","name":"Arocars","url":"https:\/\/arocars.pl\/","logo":{"@type":"ImageObject","inLanguage":"pl-PL","@id":"https:\/\/arocars.pl\/#\/schema\/logo\/image\/","url":"https:\/\/arocars.pl\/wp-content\/uploads\/2024\/09\/bez-tla.png","contentUrl":"https:\/\/arocars.pl\/wp-content\/uploads\/2024\/09\/bez-tla.png","width":227,"height":206,"caption":"Arocars"},"image":{"@id":"https:\/\/arocars.pl\/#\/schema\/logo\/image\/"},"sameAs":["https:\/\/www.facebook.com\/profile.php?id=100057623672345"]}]}},"_links":{"self":[{"href":"https:\/\/arocars.pl\/index.php\/wp-json\/wp\/v2\/pages\/2","targetHints":{"allow":["GET"]}}],"collection":[{"href":"https:\/\/arocars.pl\/index.php\/wp-json\/wp\/v2\/pages"}],"about":[{"href":"https:\/\/arocars.pl\/index.php\/wp-json\/wp\/v2\/types\/page"}],"author":[{"embeddable":true,"href":"https:\/\/arocars.pl\/index.php\/wp-json\/wp\/v2\/users\/1"}],"replies":[{"embeddable":true,"href":"https:\/\/arocars.pl\/index.php\/wp-json\/wp\/v2\/comments?post=2"}],"version-history":[{"count":10,"href":"https:\/\/arocars.pl\/index.php\/wp-json\/wp\/v2\/pages\/2\/revisions"}],"predecessor-version":[{"id":184,"href":"https:\/\/arocars.pl\/index.php\/wp-json\/wp\/v2\/pages\/2\/revisions\/184"}],"wp:attachment":[{"href":"https:\/\/arocars.pl\/index.php\/wp-json\/wp\/v2\/media?parent=2"}],"curies":[{"name":"wp","href":"https:\/\/api.w.org\/{rel}","templated":true}]}}